{"id":88,"date":"2025-05-07T22:25:51","date_gmt":"2025-05-07T20:25:51","guid":{"rendered":"http:\/\/brinseh.cluster021.hosting.ovh.net\/?page_id=88"},"modified":"2025-06-19T11:51:13","modified_gmt":"2025-06-19T09:51:13","slug":"contact","status":"publish","type":"page","link":"https:\/\/brinsenfolie.be\/index.php\/contact\/","title":{"rendered":"Contact"},"content":{"rendered":"\t\t<div data-elementor-type=\"wp-page\" data-elementor-id=\"88\" class=\"elementor elementor-88\" data-elementor-post-type=\"page\">\n\t\t\t\t<div class=\"elementor-element elementor-element-207239b7 e-flex e-con-boxed e-con e-parent\" data-id=\"207239b7\" data-element_type=\"container\">\n\t\t\t\t\t<div class=\"e-con-inner\">\n\t\t<div class=\"elementor-element elementor-element-6c2f882f e-con-full e-flex e-con e-child\" data-id=\"6c2f882f\" data-element_type=\"container\">\n\t\t\t\t<div class=\"elementor-element elementor-element-99a2085 elementor-invisible elementor-widget elementor-widget-heading\" data-id=\"99a2085\" data-element_type=\"widget\" data-settings=\"{&quot;_animation&quot;:&quot;fadeInUp&quot;}\" data-widget_type=\"heading.default\">\n\t\t\t\t<div class=\"elementor-widget-container\">\n\t\t\t\t\t<h1 class=\"elementor-heading-title elementor-size-default\">Contact \n\n<\/h1>\t\t\t\t<\/div>\n\t\t\t\t<\/div>\n\t\t\t\t<div class=\"elementor-element elementor-element-661404c elementor-widget elementor-widget-heading\" data-id=\"661404c\" data-element_type=\"widget\" data-widget_type=\"heading.default\">\n\t\t\t\t<div class=\"elementor-widget-container\">\n\t\t\t\t\t<h2 class=\"elementor-heading-title elementor-size-default\">\n<\/h2>\t\t\t\t<\/div>\n\t\t\t\t<\/div>\n\t\t\t\t<div class=\"elementor-element elementor-element-a124f87 elementor-widget elementor-widget-text-editor\" data-id=\"a124f87\" data-element_type=\"widget\" data-widget_type=\"text-editor.default\">\n\t\t\t\t<div class=\"elementor-widget-container\">\n\t\t\t\t\t\t\t\t\t<p><strong>Anne Ruelle<\/strong><\/p><p>Tel : +32 494 59 72 02<\/p><p>Mail : <a href=\"mailto:ruelleanne@hotmail.com\">ruelleanne@hotmail.com<\/a><\/p><p>Instagram : <a href=\"https:\/\/www.instagram.com\/brinsenfolie\">@brinsenfolie<\/a><\/p>\t\t\t\t\t\t\t\t<\/div>\n\t\t\t\t<\/div>\n\t\t\t\t<div class=\"elementor-element elementor-element-12d39d1a elementor-cta--layout-image-right elementor-cta--valign-bottom elementor-cta--mobile-layout-image-above elementor-cta--skin-classic elementor-animated-content elementor-bg-transform elementor-bg-transform-zoom-in elementor-widget elementor-widget-call-to-action\" data-id=\"12d39d1a\" data-element_type=\"widget\" data-widget_type=\"call-to-action.default\">\n\t\t\t\t<div class=\"elementor-widget-container\">\n\t\t\t\t\t\t\t<div class=\"elementor-cta\">\n\t\t\t\t\t<div class=\"elementor-cta__bg-wrapper\">\n\t\t\t\t<div class=\"elementor-cta__bg elementor-bg\" style=\"background-image: url(https:\/\/brinsenfolie.be\/wp-content\/uploads\/2025\/05\/anne.jpg);\" role=\"img\" aria-label=\"anne\"><\/div>\n\t\t\t\t<div class=\"elementor-cta__bg-overlay\"><\/div>\n\t\t\t<\/div>\n\t\t\t\t\t\t\t<div class=\"elementor-cta__content\">\n\t\t\t\t\n\t\t\t\t\n\t\t\t\t\t\t\t\t\t<div class=\"elementor-cta__description elementor-cta__content-item elementor-content-item\">\n\t\t\t\t\t\tSi vous souhaitez \u00eatre au courant des derni\u00e8res nouveaut\u00e9s et actualit\u00e9s abonnez-vous \u00e0 la Newsletter de Brins en Folie\t\t\t\t\t<\/div>\n\t\t\t\t\n\t\t\t\t\t\t\t\t\t<div class=\"elementor-cta__button-wrapper elementor-cta__content-item elementor-content-item \">\n\t\t\t\t\t<a class=\"elementor-cta__button elementor-button elementor-size-lg\">\n\t\t\t\t\t\tNewsletter\t\t\t\t\t<\/a>\n\t\t\t\t\t<\/div>\n\t\t\t\t\t\t\t<\/div>\n\t\t\t\t\t\t<\/div>\n\t\t\t\t\t\t<\/div>\n\t\t\t\t<\/div>\n\t\t\t\t<\/div>\n\t\t<div class=\"elementor-element elementor-element-ba95c31 e-con-full e-flex e-con e-child\" data-id=\"ba95c31\" data-element_type=\"container\">\n\t\t\t\t<\/div>\n\t\t\t\t\t<\/div>\n\t\t\t\t<\/div>\n\t\t\t\t<\/div>\n\t\t","protected":false},"excerpt":{"rendered":"<p>Contact Anne Ruelle Tel : +32 494 59 72 02 Mail : ruelleanne@hotmail.com Instagram : @brinsenfolie Si vous souhaitez \u00eatre au courant des derni\u00e8res nouveaut\u00e9s et actualit\u00e9s abonnez-vous \u00e0 la Newsletter de Brins en Folie Newsletter<\/p>\n","protected":false},"author":2,"featured_media":0,"parent":0,"menu_order":10,"comment_status":"closed","ping_status":"closed","template":"elementor_header_footer","meta":{"footnotes":""},"class_list":["post-88","page","type-page","status-publish","hentry"],"_links":{"self":[{"href":"https:\/\/brinsenfolie.be\/index.php\/wp-json\/wp\/v2\/pages\/88","targetHints":{"allow":["GET"]}}],"collection":[{"href":"https:\/\/brinsenfolie.be\/index.php\/wp-json\/wp\/v2\/pages"}],"about":[{"href":"https:\/\/brinsenfolie.be\/index.php\/wp-json\/wp\/v2\/types\/page"}],"author":[{"embeddable":true,"href":"https:\/\/brinsenfolie.be\/index.php\/wp-json\/wp\/v2\/users\/2"}],"replies":[{"embeddable":true,"href":"https:\/\/brinsenfolie.be\/index.php\/wp-json\/wp\/v2\/comments?post=88"}],"version-history":[{"count":43,"href":"https:\/\/brinsenfolie.be\/index.php\/wp-json\/wp\/v2\/pages\/88\/revisions"}],"predecessor-version":[{"id":254,"href":"https:\/\/brinsenfolie.be\/index.php\/wp-json\/wp\/v2\/pages\/88\/revisions\/254"}],"wp:attachment":[{"href":"https:\/\/brinsenfolie.be\/index.php\/wp-json\/wp\/v2\/media?parent=88"}],"curies":[{"name":"wp","href":"https:\/\/api.w.org\/{rel}","templated":true}]}}