{"id":58,"date":"2025-05-07T21:54:27","date_gmt":"2025-05-07T19:54:27","guid":{"rendered":"http:\/\/brinseh.cluster021.hosting.ovh.net\/?page_id=58"},"modified":"2026-04-12T09:36:21","modified_gmt":"2026-04-12T07:36:21","slug":"programme-ateliers-et-expos","status":"publish","type":"page","link":"https:\/\/brinsenfolie.be\/index.php\/programme-ateliers-et-expos\/","title":{"rendered":"Ateliers et animations"},"content":{"rendered":"\t\t<div data-elementor-type=\"wp-page\" data-elementor-id=\"58\" class=\"elementor elementor-58\" data-elementor-post-type=\"page\">\n\t\t\t\t<div class=\"elementor-element elementor-element-e883082 e-flex e-con-boxed e-con e-parent\" data-id=\"e883082\" data-element_type=\"container\">\n\t\t\t\t\t<div class=\"e-con-inner\">\n\t\t<div class=\"elementor-element elementor-element-0882299 e-con-full e-flex e-con e-child\" data-id=\"0882299\" data-element_type=\"container\">\n\t\t\t\t<div class=\"elementor-element elementor-element-460d668 elementor-widget elementor-widget-heading\" data-id=\"460d668\" data-element_type=\"widget\" data-widget_type=\"heading.default\">\n\t\t\t\t<div class=\"elementor-widget-container\">\n\t\t\t\t\t<h2 class=\"elementor-heading-title elementor-size-default\">Prochains ateliers<\/h2>\t\t\t\t<\/div>\n\t\t\t\t<\/div>\n\t\t\t\t<div class=\"elementor-element elementor-element-125862c elementor-widget elementor-widget-text-editor\" data-id=\"125862c\" data-element_type=\"widget\" data-widget_type=\"text-editor.default\">\n\t\t\t\t<div class=\"elementor-widget-container\">\n\t\t\t\t\t\t\t\t\t<p><span style=\"font-weight: 400;\">\u00a0<\/span><\/p><p><span style=\"font-weight: 400;\">Je vous invite \u00e0 d\u00e9couvrir l\u2019univers de la vannerie \u00e0 travers des <\/span><b>ateliers cr\u00e9atifs<\/b><span style=\"font-weight: 400;\"> o\u00f9 nous explorons les v\u00e9g\u00e9taux de nos r\u00e9gions et leurs nombreuses possibilit\u00e9s de tressage.<\/span><\/p><p>Ouvert \u00e0 tous!<\/p><p><span style=\"text-decoration: underline;\"><strong>En 2026 &#8211; Nouveau<\/strong><\/span><\/p><p><strong>17 avril<\/strong> : plateau \u00e0 fond catalan et tressage d&rsquo;\u00e9corces &#8211; il reste 2 places<\/p><p>\u00a0<strong>24 avril<\/strong> : Chapeau avec des herbes sauvages\u00a0 &#8211; <strong>Complet<\/strong><\/p><p><strong>06 mai <\/strong>: Parent &#8211; enfant<\/p><p><strong>15 mai <\/strong>: sp\u00e9cial: bordure, anse, poignet &#8230; &#8211; Il reste 2 places<\/p><p><strong>20 mai <\/strong>: Apr\u00e8s- midi: initiation aux serres de la Sauveni\u00e8re<\/p><p><strong>21 mai<\/strong> : vannerie &#8211; C\u00e9ramique &#8211; Il reste 2 places<\/p><p><strong>22 mai<\/strong> : Panier des Asturies <strong>Complet<\/strong><\/p><p><strong>29 mai<\/strong> : Panier \u00e0 suspendre au d\u00e9part d&rsquo;un bois &#8211; Il reste 2 places<\/p><p><strong>05 juin<\/strong> : Panier asym\u00e9trique &#8211; Outre-Rhin &#8211; Il reste 2 places<\/p><p><strong>12 juin<\/strong> : Zarzo\u00a0 &#8211; <strong>Complet<\/strong><\/p><p><strong>17 juin <\/strong>: Apr\u00e8s- midi: initiation aux serres de la Sauveni\u00e8re<\/p><p><strong>18 juin<\/strong> : vannerie &#8211; C\u00e9ramique &#8211; Il reste 1 place<\/p><p><strong>19 juin<\/strong> : Cabas en massettes et \u00e9corces &#8211; Il reste 1 place<\/p><p><strong>26 juin<\/strong> : Corbeille ronde avec des passes doigts &#8211; <strong>Complet<\/strong><\/p><p><strong>03 juillet <\/strong>: tissage v\u00e9g\u00e9tal, vannerie cr\u00e9ative<\/p><p><strong>10 juillet <\/strong>: sac \u00e0 main<\/p><p><strong>28 et 29 juillet <\/strong>: un panier en 2 jours<\/p><p><strong>27 et 28 aout :<\/strong> Le Bourycou (pour les initier) &#8211; Il reste 2 places<\/p><p><i><strong>Atelier sur mesure :<\/strong>\u00a0je propose \u00e9galement des animations pour \u00e9coles, anniversaires, team buildings, etc.<\/i><\/p><p>Je vous propose de d\u00e9couvrir l\u2019univers de la vannerie en explorant les v\u00e9g\u00e9taux de nos r\u00e9gions et ses diff\u00e9rentes techniques.<\/p><p><span style=\"font-weight: 400;\">La vannerie c\u2019est tisser des v\u00e9g\u00e9taux tout en tissant des liens. C\u2019est un art \u2013 artisanat ancestral qui vit au rythme des saisons.<\/span><\/p><p><span style=\"font-weight: 400;\">Pour chaque atelier un th\u00e8me, un type de panier, d\u2019objet ou technique particuli\u00e8re est propos\u00e9e, tout en laissant \u00e0 chacun la libert\u00e9 d\u2019exprimer sa cr\u00e9ativit\u00e9 en variant les formes, les dimensions, les couleurs\u2026<\/span><\/p>\t\t\t\t\t\t\t\t<\/div>\n\t\t\t\t<\/div>\n\t\t\t\t<div class=\"elementor-element elementor-element-2ad4afc elementor-widget-divider--view-line elementor-widget elementor-widget-divider\" data-id=\"2ad4afc\" data-element_type=\"widget\" data-widget_type=\"divider.default\">\n\t\t\t\t<div class=\"elementor-widget-container\">\n\t\t\t\t\t\t\t<div class=\"elementor-divider\">\n\t\t\t<span class=\"elementor-divider-separator\">\n\t\t\t\t\t\t<\/span>\n\t\t<\/div>\n\t\t\t\t\t\t<\/div>\n\t\t\t\t<\/div>\n\t\t\t\t<\/div>\n\t\t\t\t\t<\/div>\n\t\t\t\t<\/div>\n\t\t<div class=\"elementor-element elementor-element-8f754bc e-flex e-con-boxed e-con e-parent\" data-id=\"8f754bc\" data-element_type=\"container\">\n\t\t\t\t\t<div class=\"e-con-inner\">\n\t\t<div class=\"elementor-element elementor-element-80b950d e-con-full e-flex e-con e-child\" data-id=\"80b950d\" data-element_type=\"container\">\n\t\t\t\t<div class=\"elementor-element elementor-element-5311a8b elementor-widget elementor-widget-heading\" data-id=\"5311a8b\" data-element_type=\"widget\" data-widget_type=\"heading.default\">\n\t\t\t\t<div class=\"elementor-widget-container\">\n\t\t\t\t\t<h2 class=\"elementor-heading-title elementor-size-default\">Informations pratiques<\/h2>\t\t\t\t<\/div>\n\t\t\t\t<\/div>\n\t\t\t\t<div class=\"elementor-element elementor-element-418e632 elementor-widget elementor-widget-text-editor\" data-id=\"418e632\" data-element_type=\"widget\" data-widget_type=\"text-editor.default\">\n\t\t\t\t<div class=\"elementor-widget-container\">\n\t\t\t\t\t\t\t\t\t<p><strong>De 9h \u00e0 16h<\/strong><\/p><p><span style=\"font-weight: 400;\">Les <strong>ateliers<\/strong> sont <strong>ouverts \u00e0 tous.te<\/strong><\/span><span style=\"font-weight: 400;\"><strong>s<\/strong> (sauf th\u00e8me particulier) aussi bien aux d\u00e9butant.es qu\u2019aux initi\u00e9.es.<\/span><\/p><p><span style=\"font-weight: 400;\">Chaque atelier propose un <\/span><b>th\u00e8me ou une technique<\/b><span style=\"font-weight: 400;\"> sp\u00e9cifique, tout en laissant la place \u00e0 votre cr\u00e9ativit\u00e9 : formes, tailles, couleurs, tout peut s\u2019adapter \u00e0 vos envies.<\/span><\/p>\t\t\t\t\t\t\t\t<\/div>\n\t\t\t\t<\/div>\n\t\t\t\t<div class=\"elementor-element elementor-element-062b4fe elementor-widget elementor-widget-heading\" data-id=\"062b4fe\" data-element_type=\"widget\" data-widget_type=\"heading.default\">\n\t\t\t\t<div class=\"elementor-widget-container\">\n\t\t\t\t\t<h2 class=\"elementor-heading-title elementor-size-default\">Tarifs<\/h2>\t\t\t\t<\/div>\n\t\t\t\t<\/div>\n\t\t\t\t<div class=\"elementor-element elementor-element-653e8d6 elementor-widget elementor-widget-text-editor\" data-id=\"653e8d6\" data-element_type=\"widget\" data-widget_type=\"text-editor.default\">\n\t\t\t\t<div class=\"elementor-widget-container\">\n\t\t\t\t\t\t\t\t\t<ul><li style=\"font-weight: 400;\" aria-level=\"1\"><span style=\"font-weight: 400;\">70 \u20ac \/ jour (organis\u00e9 par Brins en Folie)<\/span><\/li><li style=\"font-weight: 400;\" aria-level=\"1\"><span style=\"font-weight: 400;\">65 \u20ac \/ jour \u00e0 partir de 5 jours d\u2019ateliers par trimestre<\/span><\/li><\/ul><ul><li aria-level=\"1\">150\u20ac le cycle de vannerie sauvage (5 soir\u00e9es)<\/li><\/ul>\t\t\t\t\t\t\t\t<\/div>\n\t\t\t\t<\/div>\n\t\t\t\t<\/div>\n\t\t\t\t\t<\/div>\n\t\t\t\t<\/div>\n\t\t<div class=\"elementor-element elementor-element-e2ff58a e-flex e-con-boxed e-con e-parent\" data-id=\"e2ff58a\" data-element_type=\"container\">\n\t\t\t\t\t<div class=\"e-con-inner\">\n\t\t\t\t<div class=\"elementor-element elementor-element-13486fb elementor-widget-divider--view-line elementor-widget elementor-widget-divider\" data-id=\"13486fb\" data-element_type=\"widget\" data-widget_type=\"divider.default\">\n\t\t\t\t<div class=\"elementor-widget-container\">\n\t\t\t\t\t\t\t<div class=\"elementor-divider\">\n\t\t\t<span class=\"elementor-divider-separator\">\n\t\t\t\t\t\t<\/span>\n\t\t<\/div>\n\t\t\t\t\t\t<\/div>\n\t\t\t\t<\/div>\n\t\t\t\t\t<\/div>\n\t\t\t\t<\/div>\n\t\t<div class=\"elementor-element elementor-element-796671b e-flex e-con-boxed e-con e-parent\" data-id=\"796671b\" data-element_type=\"container\">\n\t\t\t\t\t<div class=\"e-con-inner\">\n\t\t<div class=\"elementor-element elementor-element-03a155e e-con-full e-flex e-con e-child\" data-id=\"03a155e\" data-element_type=\"container\">\n\t\t\t\t<div class=\"elementor-element elementor-element-6d0eec2 elementor-widget elementor-widget-heading\" data-id=\"6d0eec2\" data-element_type=\"widget\" data-widget_type=\"heading.default\">\n\t\t\t\t<div class=\"elementor-widget-container\">\n\t\t\t\t\t<h2 class=\"elementor-heading-title elementor-size-default\">Inscriptions<\/h2>\t\t\t\t<\/div>\n\t\t\t\t<\/div>\n\t\t\t\t<div class=\"elementor-element elementor-element-55bb8e7 elementor-widget elementor-widget-text-editor\" data-id=\"55bb8e7\" data-element_type=\"widget\" data-widget_type=\"text-editor.default\">\n\t\t\t\t<div class=\"elementor-widget-container\">\n\t\t\t\t\t\t\t\t\t<p><b>Par mail<\/b><span style=\"font-weight: 400;\"> : ruelleanne@hotmail.com<\/span><span style=\"font-weight: 400;\"><br \/><\/span><\/p><p><b>Par t\u00e9l\u00e9phone<\/b><span style=\"font-weight: 400;\"> : +32 494 59 72 02<\/span><span style=\"font-weight: 400;\"><br \/><\/span><\/p><p><span style=\"font-weight: 400;\">Pour confirmer votre inscription, merci d\u2019effectuer un <\/span><b>virement<\/b><span style=\"font-weight: 400;\"> sur le compte :<\/span><span style=\"font-weight: 400;\"><br \/><\/span> <b>BE07891961944966<\/b><b><br \/><\/b><span style=\"font-weight: 400;\"> Communication : <\/span><i><span style=\"font-weight: 400;\">\u00ab date du stage \u00bb<\/span><\/i><\/p><p><i><span style=\"font-weight: 400;\">En cas de d\u00e9sistement moins de 2 semaines avant la date, le montant ne pourra malheureusement pas \u00eatre rembours\u00e9.<\/span><\/i><\/p>\t\t\t\t\t\t\t\t<\/div>\n\t\t\t\t<\/div>\n\t\t\t\t<div class=\"elementor-element elementor-element-6ae6c7c elementor-widget-divider--view-line elementor-widget elementor-widget-divider\" data-id=\"6ae6c7c\" data-element_type=\"widget\" data-widget_type=\"divider.default\">\n\t\t\t\t<div class=\"elementor-widget-container\">\n\t\t\t\t\t\t\t<div class=\"elementor-divider\">\n\t\t\t<span class=\"elementor-divider-separator\">\n\t\t\t\t\t\t<\/span>\n\t\t<\/div>\n\t\t\t\t\t\t<\/div>\n\t\t\t\t<\/div>\n\t\t\t\t<\/div>\n\t\t\t\t\t<\/div>\n\t\t\t\t<\/div>\n\t\t<div class=\"elementor-element elementor-element-b3c201c e-flex e-con-boxed e-con e-parent\" data-id=\"b3c201c\" data-element_type=\"container\">\n\t\t\t\t\t<div class=\"e-con-inner\">\n\t\t<div class=\"elementor-element elementor-element-7e90926 e-con-full e-flex e-con e-child\" data-id=\"7e90926\" data-element_type=\"container\">\n\t\t\t\t<div class=\"elementor-element elementor-element-14e1adb elementor-widget elementor-widget-heading\" data-id=\"14e1adb\" data-element_type=\"widget\" data-widget_type=\"heading.default\">\n\t\t\t\t<div class=\"elementor-widget-container\">\n\t\t\t\t\t<h2 class=\"elementor-heading-title elementor-size-default\">Lieux<\/h2>\t\t\t\t<\/div>\n\t\t\t\t<\/div>\n\t\t\t\t<div class=\"elementor-element elementor-element-a7a3939 elementor-widget elementor-widget-text-editor\" data-id=\"a7a3939\" data-element_type=\"widget\" data-widget_type=\"text-editor.default\">\n\t\t\t\t<div class=\"elementor-widget-container\">\n\t\t\t\t\t\t\t\t\t<p><b>La Chaumi\u00e8re<\/b><span style=\"font-weight: 400;\"> \u2013 Rue de Corroy 2, 1325 Chaumont-Gistoux<\/span><\/p><p><b>La Ferme Rose<\/b><span style=\"font-weight: 400;\"> \u2013 Rue du Sartau 4, 1325 Dion-Le-Val<\/span><\/p><p>Autres lieux possibles sur demande<\/p>\t\t\t\t\t\t\t\t<\/div>\n\t\t\t\t<\/div>\n\t\t\t\t<\/div>\n\t\t\t\t\t<\/div>\n\t\t\t\t<\/div>\n\t\t<div class=\"elementor-element elementor-element-40ea4f1 e-flex e-con-boxed e-con e-parent\" data-id=\"40ea4f1\" data-element_type=\"container\">\n\t\t\t\t\t<div class=\"e-con-inner\">\n\t\t<div class=\"elementor-element elementor-element-a3c8f5f e-grid e-con-full e-con e-child\" data-id=\"a3c8f5f\" data-element_type=\"container\">\n\t\t\t\t<div class=\"elementor-element elementor-element-fb7c0fd elementor-widget elementor-widget-image\" data-id=\"fb7c0fd\" data-element_type=\"widget\" data-widget_type=\"image.default\">\n\t\t\t\t<div class=\"elementor-widget-container\">\n\t\t\t\t\t\t\t\t\t\t\t\t\t\t\t<img fetchpriority=\"high\" decoding=\"async\" width=\"300\" height=\"200\" src=\"https:\/\/brinsenfolie.be\/wp-content\/uploads\/2025\/10\/WhatsApp-Image-2025-06-06-15-300x200.jpeg\" class=\"attachment-medium size-medium wp-image-462\" alt=\"\" srcset=\"https:\/\/brinsenfolie.be\/wp-content\/uploads\/2025\/10\/WhatsApp-Image-2025-06-06-15-300x200.jpeg 300w, https:\/\/brinsenfolie.be\/wp-content\/uploads\/2025\/10\/WhatsApp-Image-2025-06-06-15-1024x683.jpeg 1024w, https:\/\/brinsenfolie.be\/wp-content\/uploads\/2025\/10\/WhatsApp-Image-2025-06-06-15-768x512.jpeg 768w, https:\/\/brinsenfolie.be\/wp-content\/uploads\/2025\/10\/WhatsApp-Image-2025-06-06-15.jpeg 1080w\" sizes=\"(max-width: 300px) 100vw, 300px\" \/>\t\t\t\t\t\t\t\t\t\t\t\t\t\t\t<\/div>\n\t\t\t\t<\/div>\n\t\t\t\t<div class=\"elementor-element elementor-element-f7e356c elementor-widget elementor-widget-image\" data-id=\"f7e356c\" data-element_type=\"widget\" data-widget_type=\"image.default\">\n\t\t\t\t<div class=\"elementor-widget-container\">\n\t\t\t\t\t\t\t\t\t\t\t\t\t\t\t<img decoding=\"async\" width=\"300\" height=\"200\" src=\"https:\/\/brinsenfolie.be\/wp-content\/uploads\/2025\/10\/IMG-20250606-WA0005-300x200.jpg\" class=\"attachment-medium size-medium wp-image-466\" alt=\"\" srcset=\"https:\/\/brinsenfolie.be\/wp-content\/uploads\/2025\/10\/IMG-20250606-WA0005-300x200.jpg 300w, https:\/\/brinsenfolie.be\/wp-content\/uploads\/2025\/10\/IMG-20250606-WA0005-1024x683.jpg 1024w, https:\/\/brinsenfolie.be\/wp-content\/uploads\/2025\/10\/IMG-20250606-WA0005-768x512.jpg 768w, https:\/\/brinsenfolie.be\/wp-content\/uploads\/2025\/10\/IMG-20250606-WA0005.jpg 1080w\" sizes=\"(max-width: 300px) 100vw, 300px\" \/>\t\t\t\t\t\t\t\t\t\t\t\t\t\t\t<\/div>\n\t\t\t\t<\/div>\n\t\t\t\t<div class=\"elementor-element elementor-element-d34d9d1 elementor-widget elementor-widget-image\" data-id=\"d34d9d1\" data-element_type=\"widget\" data-widget_type=\"image.default\">\n\t\t\t\t<div class=\"elementor-widget-container\">\n\t\t\t\t\t\t\t\t\t\t\t\t\t\t\t<img decoding=\"async\" width=\"300\" height=\"200\" src=\"https:\/\/brinsenfolie.be\/wp-content\/uploads\/2025\/10\/IMG-20250606-WA0003-300x200.jpg\" class=\"attachment-medium size-medium wp-image-468\" alt=\"\" srcset=\"https:\/\/brinsenfolie.be\/wp-content\/uploads\/2025\/10\/IMG-20250606-WA0003-300x200.jpg 300w, https:\/\/brinsenfolie.be\/wp-content\/uploads\/2025\/10\/IMG-20250606-WA0003-1024x683.jpg 1024w, https:\/\/brinsenfolie.be\/wp-content\/uploads\/2025\/10\/IMG-20250606-WA0003-768x512.jpg 768w, https:\/\/brinsenfolie.be\/wp-content\/uploads\/2025\/10\/IMG-20250606-WA0003.jpg 1080w\" sizes=\"(max-width: 300px) 100vw, 300px\" \/>\t\t\t\t\t\t\t\t\t\t\t\t\t\t\t<\/div>\n\t\t\t\t<\/div>\n\t\t<div class=\"elementor-element elementor-element-745cdf1 e-con-full e-flex e-con e-child\" data-id=\"745cdf1\" data-element_type=\"container\">\n\t\t\t\t<\/div>\n\t\t\t\t<\/div>\n\t\t\t\t\t<\/div>\n\t\t\t\t<\/div>\n\t\t\t\t<\/div>\n\t\t","protected":false},"excerpt":{"rendered":"<p>Prochains ateliers \u00a0 Je vous invite \u00e0 d\u00e9couvrir l\u2019univers de la vannerie \u00e0 travers des ateliers cr\u00e9atifs o\u00f9 nous explorons les v\u00e9g\u00e9taux de nos r\u00e9gions et leurs nombreuses possibilit\u00e9s de tressage. Ouvert \u00e0 tous! En 2026 &#8211; Nouveau 17 avril : plateau \u00e0 fond catalan et tressage d&rsquo;\u00e9corces &#8211; il reste 2 places \u00a024 avril [&hellip;]<\/p>\n","protected":false},"author":2,"featured_media":0,"parent":0,"menu_order":5,"comment_status":"closed","ping_status":"closed","template":"elementor_header_footer","meta":{"footnotes":""},"class_list":["post-58","page","type-page","status-publish","hentry"],"_links":{"self":[{"href":"https:\/\/brinsenfolie.be\/index.php\/wp-json\/wp\/v2\/pages\/58","targetHints":{"allow":["GET"]}}],"collection":[{"href":"https:\/\/brinsenfolie.be\/index.php\/wp-json\/wp\/v2\/pages"}],"about":[{"href":"https:\/\/brinsenfolie.be\/index.php\/wp-json\/wp\/v2\/types\/page"}],"author":[{"embeddable":true,"href":"https:\/\/brinsenfolie.be\/index.php\/wp-json\/wp\/v2\/users\/2"}],"replies":[{"embeddable":true,"href":"https:\/\/brinsenfolie.be\/index.php\/wp-json\/wp\/v2\/comments?post=58"}],"version-history":[{"count":206,"href":"https:\/\/brinsenfolie.be\/index.php\/wp-json\/wp\/v2\/pages\/58\/revisions"}],"predecessor-version":[{"id":593,"href":"https:\/\/brinsenfolie.be\/index.php\/wp-json\/wp\/v2\/pages\/58\/revisions\/593"}],"wp:attachment":[{"href":"https:\/\/brinsenfolie.be\/index.php\/wp-json\/wp\/v2\/media?parent=58"}],"curies":[{"name":"wp","href":"https:\/\/api.w.org\/{rel}","templated":true}]}}