{"id":20,"date":"2025-05-07T21:36:38","date_gmt":"2025-05-07T19:36:38","guid":{"rendered":"http:\/\/brinseh.cluster021.hosting.ovh.net\/?page_id=20"},"modified":"2025-10-06T10:46:05","modified_gmt":"2025-10-06T08:46:05","slug":"presentation","status":"publish","type":"page","link":"https:\/\/brinsenfolie.be\/index.php\/presentation\/","title":{"rendered":"Pr\u00e9sentation"},"content":{"rendered":"\t\t<div data-elementor-type=\"wp-page\" data-elementor-id=\"20\" class=\"elementor elementor-20\" data-elementor-post-type=\"page\">\n\t\t\t\t<div class=\"elementor-element elementor-element-f2b87a0 e-flex e-con-boxed e-con e-parent\" data-id=\"f2b87a0\" data-element_type=\"container\">\n\t\t\t\t\t<div class=\"e-con-inner\">\n\t\t<div class=\"elementor-element elementor-element-044cf2e e-con-full e-flex e-con e-child\" data-id=\"044cf2e\" data-element_type=\"container\">\n\t\t\t\t<div class=\"elementor-element elementor-element-f655dcf elementor-widget elementor-widget-heading\" data-id=\"f655dcf\" data-element_type=\"widget\" data-widget_type=\"heading.default\">\n\t\t\t\t<div class=\"elementor-widget-container\">\n\t\t\t\t\t<h2 class=\"elementor-heading-title elementor-size-default\">Bienvenue<\/h2>\t\t\t\t<\/div>\n\t\t\t\t<\/div>\n\t\t\t\t<div class=\"elementor-element elementor-element-46d6093 elementor-widget elementor-widget-text-editor\" data-id=\"46d6093\" data-element_type=\"widget\" data-widget_type=\"text-editor.default\">\n\t\t\t\t<div class=\"elementor-widget-container\">\n\t\t\t\t\t\t\t\t\t<p>Je m&rsquo;appelle Anne Ruelle, et je vous invite \u00e0 d\u00e9couvrir mon univers tress\u00e9 de nature et de savoir-faire.<\/p><p>Install\u00e9e dans un atelier au c\u0153ur du vivant, je cr\u00e9e des objets en vannerie \u00e0 partir de mati\u00e8res v\u00e9g\u00e9tales locales et durables. Chaque pi\u00e8ce est fa\u00e7onn\u00e9e \u00e0 la main, dans le respect des rythmes naturels, avec le souci du beau, de l\u2019utile et du sensible.<\/p><p>Ce site n\u2019est pas une boutique en ligne, mais un portail de d\u00e9couverte : vous y trouverez des exemples de mes cr\u00e9ations, le calendrier de mes ateliers et \u00e9v\u00e9nements, ainsi que les informations pour me contacter ou prendre rendez-vous \u00e0 l\u2019atelier.<\/p><p>\u00a0<span style=\"font-size: 1rem;\">Mon travail s\u2019articule autour de plusieurs axes :<\/span><\/p><ul><li style=\"font-weight: 400;\" aria-level=\"1\">Cr\u00e9ation d\u2019<strong>objets en vannerie<\/strong>, en vente lors d\u2019expositions, march\u00e9s ou sur rendez-vous \u00e0 l\u2019atelier.<\/li><li style=\"font-weight: 400;\" aria-level=\"1\"><strong>Ateliers et animation<\/strong>s, pour d\u00e9couvrir ou approfondir la pratique du tressage v\u00e9g\u00e9tal, en solo, en groupe ou dans le cadre scolaire.<\/li><li style=\"font-weight: 400;\" aria-level=\"1\">R\u00e9alisation d\u2019<strong>architecture v\u00e9g\u00e9tale<\/strong>, pour cr\u00e9er des espaces vivants et po\u00e9tiques en saule.<\/li><li style=\"font-weight: 400;\" aria-level=\"1\"><strong>R\u00e9paration<\/strong> d\u2019objets en vannerie, pour prolonger leur usage et leur beaut\u00e9<\/li><li style=\"font-weight: 400;\" aria-level=\"1\">Commandes <strong>sur mesure<\/strong>, con\u00e7ues selon vos envies et vos besoins.<\/li><\/ul><p>\u00a0<\/p><p>Bienvenue dans l\u2019univers vivant et tress\u00e9 de <em style=\"background-color: transparent;\">Brins en folie<\/em><span style=\"background-color: transparent;\"> !<\/span><\/p>\t\t\t\t\t\t\t\t<\/div>\n\t\t\t\t<\/div>\n\t\t\t\t<\/div>\n\t\t\t\t\t<\/div>\n\t\t\t\t<\/div>\n\t\t<div class=\"elementor-element elementor-element-80a848b e-flex e-con-boxed e-con e-parent\" data-id=\"80a848b\" data-element_type=\"container\">\n\t\t\t\t\t<div class=\"e-con-inner\">\n\t\t<div class=\"elementor-element elementor-element-4f4ff17 e-con-full e-flex e-con e-child\" data-id=\"4f4ff17\" data-element_type=\"container\">\n\t\t\t\t<div class=\"elementor-element elementor-element-3a698de elementor-widget elementor-widget-heading\" data-id=\"3a698de\" data-element_type=\"widget\" data-widget_type=\"heading.default\">\n\t\t\t\t<div class=\"elementor-widget-container\">\n\t\t\t\t\t<h2 class=\"elementor-heading-title elementor-size-default\">En savoir un peu plus sur moi<\/h2>\t\t\t\t<\/div>\n\t\t\t\t<\/div>\n\t\t\t\t<div class=\"elementor-element elementor-element-e5dcfb2 elementor-widget elementor-widget-text-editor\" data-id=\"e5dcfb2\" data-element_type=\"widget\" data-widget_type=\"text-editor.default\">\n\t\t\t\t<div class=\"elementor-widget-container\">\n\t\t\t\t\t\t\t\t\t<p><span style=\"font-weight: 400;\">Depuis l\u2019enfance, j\u2019ai toujours \u00e9t\u00e9 attir\u00e9e par la nature et les jardins. Mes parents, architectes et passionn\u00e9s d\u2019art, m\u2019ont tr\u00e8s t\u00f4t initi\u00e9e \u00e0 la beaut\u00e9 du monde \u2013 qu\u2019elle soit sauvage ou fa\u00e7onn\u00e9e par l\u2019homme. Gr\u00e2ce \u00e0 eux, j\u2019ai appris \u00e0 observer, \u00e0 ressentir et \u00e0 comprendre l\u2019harmonie entre nature et cr\u00e9ation humaine.<\/span><\/p><p><span style=\"font-weight: 400;\">J\u2019ai grandi dans un environnement pr\u00e9serv\u00e9, au c\u0153ur d\u2019un grand jardin, v\u00e9ritable terrain de jeu et d\u2019apprentissage. Ma m\u00e8re m\u2019y apprenait \u00e0 suivre les saisons, r\u00e9colter, planter, am\u00e9nager. Plus tard, les voyages familiaux m\u2019ont men\u00e9e \u00e0 la d\u00e9couverte de nombreux parcs et jardins en Belgique, en France et en Angleterre. C\u2019est donc tout naturellement que je me suis tourn\u00e9e vers des \u00e9tudes en Agronomie \u2013 Horticulture.<\/span><\/p><p><span style=\"font-weight: 400;\">J\u2019ai ensuite int\u00e9gr\u00e9 une administration communale \u00e0 Bruxelles, o\u00f9 je collaborais avec divers services pour pr\u00e9server et valoriser le patrimoine naturel de la ville. Port\u00e9e par l\u2019envie de partager cette passion, je me suis form\u00e9e \u00e0 l\u2019animation nature et j\u2019organise aujourd\u2019hui des stages et ateliers pour enfants, afin de leur transmettre l\u2019amour et le respect de notre environnement.<\/span><\/p>\t\t\t\t\t\t\t\t<\/div>\n\t\t\t\t<\/div>\n\t\t\t\t<\/div>\n\t\t\t\t\t<\/div>\n\t\t\t\t<\/div>\n\t\t<div class=\"elementor-element elementor-element-760464c e-flex e-con-boxed e-con e-parent\" data-id=\"760464c\" data-element_type=\"container\">\n\t\t\t\t\t<div class=\"e-con-inner\">\n\t\t<div class=\"elementor-element elementor-element-0289d40 e-con-full e-flex e-con e-child\" data-id=\"0289d40\" data-element_type=\"container\">\n\t\t\t\t<div class=\"elementor-element elementor-element-e4fe832 elementor-widget elementor-widget-heading\" data-id=\"e4fe832\" data-element_type=\"widget\" data-widget_type=\"heading.default\">\n\t\t\t\t<div class=\"elementor-widget-container\">\n\t\t\t\t\t<h2 class=\"elementor-heading-title elementor-size-default\">La red\u00e9couverte de la vannerie<\/h2>\t\t\t\t<\/div>\n\t\t\t\t<\/div>\n\t\t\t\t<div class=\"elementor-element elementor-element-34f113a elementor-widget elementor-widget-text-editor\" data-id=\"34f113a\" data-element_type=\"widget\" data-widget_type=\"text-editor.default\">\n\t\t\t\t<div class=\"elementor-widget-container\">\n\t\t\t\t\t\t\t\t\t<p><span style=\"font-weight: 400;\">En parall\u00e8le, j\u2019ai renou\u00e9 avec une passion d\u2019enfance : tresser des fibres v\u00e9g\u00e9tales. Petite, je fabriquais d\u00e9j\u00e0 paniers et tissages avec ce que je trouvais dans le jardin. Le d\u00e9clic est revenu gr\u00e2ce \u00e0 un cadeau de ma m\u00e8re : une initiation aupr\u00e8s d\u2019une vanni\u00e8re. Ce fut une r\u00e9v\u00e9lation. Depuis, je me forme aupr\u00e8s d\u2019artisans et d\u00e9veloppe sans cesse ma pratique.<\/span><\/p>\t\t\t\t\t\t\t\t<\/div>\n\t\t\t\t<\/div>\n\t\t\t\t<\/div>\n\t\t\t\t\t<\/div>\n\t\t\t\t<\/div>\n\t\t<div class=\"elementor-element elementor-element-f2b97b4 e-flex e-con-boxed e-con e-parent\" data-id=\"f2b97b4\" data-element_type=\"container\">\n\t\t\t\t\t<div class=\"e-con-inner\">\n\t\t<div class=\"elementor-element elementor-element-44a8e56 e-con-full e-flex e-con e-child\" data-id=\"44a8e56\" data-element_type=\"container\">\n\t\t\t\t<div class=\"elementor-element elementor-element-3437010 elementor-widget elementor-widget-heading\" data-id=\"3437010\" data-element_type=\"widget\" data-widget_type=\"heading.default\">\n\t\t\t\t<div class=\"elementor-widget-container\">\n\t\t\t\t\t<h2 class=\"elementor-heading-title elementor-size-default\">Un artisanat d\u2019avenir<\/h2>\t\t\t\t<\/div>\n\t\t\t\t<\/div>\n\t\t\t\t<div class=\"elementor-element elementor-element-a2e73fa elementor-widget elementor-widget-text-editor\" data-id=\"a2e73fa\" data-element_type=\"widget\" data-widget_type=\"text-editor.default\">\n\t\t\t\t<div class=\"elementor-widget-container\">\n\t\t\t\t\t\t\t\t\t<p><span style=\"font-weight: 400;\">Aujourd\u2019hui, la vannerie est bien plus qu\u2019une passion : c\u2019est mon m\u00e9tier. Je cr\u00e9e des objets utilitaires et d\u00e9coratifs enti\u00e8rement naturels et renouvelables, et je transmets ce savoir-faire \u00e0 travers des ateliers.<\/span><\/p><p><span style=\"font-weight: 400;\">Dans un monde o\u00f9 la surproduction et la surconsommation menacent notre \u00e9quilibre, je suis convaincue que la vannerie a toute sa place. Cet artisanat mill\u00e9naire, durable et respectueux de l\u2019environnement, m\u00e9rite d\u2019\u00eatre red\u00e9couvert et r\u00e9int\u00e9gr\u00e9 dans notre quotidien.<\/span><\/p>\t\t\t\t\t\t\t\t<\/div>\n\t\t\t\t<\/div>\n\t\t\t\t<\/div>\n\t\t\t\t\t<\/div>\n\t\t\t\t<\/div>\n\t\t<div class=\"elementor-element elementor-element-6160156 e-flex e-con-boxed e-con e-parent\" data-id=\"6160156\" data-element_type=\"container\">\n\t\t\t\t\t<div class=\"e-con-inner\">\n\t\t\t\t<div class=\"elementor-element elementor-element-f98f9e7 elementor-widget elementor-widget-image\" data-id=\"f98f9e7\" data-element_type=\"widget\" data-widget_type=\"image.default\">\n\t\t\t\t<div class=\"elementor-widget-container\">\n\t\t\t\t\t\t\t\t\t\t\t\t\t\t\t<img fetchpriority=\"high\" decoding=\"async\" width=\"800\" height=\"531\" src=\"https:\/\/brinsenfolie.be\/wp-content\/uploads\/2025\/06\/13_b.jpg\" class=\"attachment-large size-large wp-image-214\" alt=\"\" srcset=\"https:\/\/brinsenfolie.be\/wp-content\/uploads\/2025\/06\/13_b.jpg 1000w, https:\/\/brinsenfolie.be\/wp-content\/uploads\/2025\/06\/13_b-300x199.jpg 300w, https:\/\/brinsenfolie.be\/wp-content\/uploads\/2025\/06\/13_b-768x510.jpg 768w\" sizes=\"(max-width: 800px) 100vw, 800px\" \/>\t\t\t\t\t\t\t\t\t\t\t\t\t\t\t<\/div>\n\t\t\t\t<\/div>\n\t\t\t\t\t<\/div>\n\t\t\t\t<\/div>\n\t\t\t\t<\/div>\n\t\t","protected":false},"excerpt":{"rendered":"<p>Bienvenue Je m&rsquo;appelle Anne Ruelle, et je vous invite \u00e0 d\u00e9couvrir mon univers tress\u00e9 de nature et de savoir-faire. Install\u00e9e dans un atelier au c\u0153ur du vivant, je cr\u00e9e des objets en vannerie \u00e0 partir de mati\u00e8res v\u00e9g\u00e9tales locales et durables. Chaque pi\u00e8ce est fa\u00e7onn\u00e9e \u00e0 la main, dans le respect des rythmes naturels, avec [&hellip;]<\/p>\n","protected":false},"author":2,"featured_media":0,"parent":0,"menu_order":1,"comment_status":"closed","ping_status":"closed","template":"elementor_header_footer","meta":{"footnotes":""},"class_list":["post-20","page","type-page","status-publish","hentry"],"_links":{"self":[{"href":"https:\/\/brinsenfolie.be\/index.php\/wp-json\/wp\/v2\/pages\/20","targetHints":{"allow":["GET"]}}],"collection":[{"href":"https:\/\/brinsenfolie.be\/index.php\/wp-json\/wp\/v2\/pages"}],"about":[{"href":"https:\/\/brinsenfolie.be\/index.php\/wp-json\/wp\/v2\/types\/page"}],"author":[{"embeddable":true,"href":"https:\/\/brinsenfolie.be\/index.php\/wp-json\/wp\/v2\/users\/2"}],"replies":[{"embeddable":true,"href":"https:\/\/brinsenfolie.be\/index.php\/wp-json\/wp\/v2\/comments?post=20"}],"version-history":[{"count":43,"href":"https:\/\/brinsenfolie.be\/index.php\/wp-json\/wp\/v2\/pages\/20\/revisions"}],"predecessor-version":[{"id":475,"href":"https:\/\/brinsenfolie.be\/index.php\/wp-json\/wp\/v2\/pages\/20\/revisions\/475"}],"wp:attachment":[{"href":"https:\/\/brinsenfolie.be\/index.php\/wp-json\/wp\/v2\/media?parent=20"}],"curies":[{"name":"wp","href":"https:\/\/api.w.org\/{rel}","templated":true}]}}