{"id":162,"date":"2025-05-30T12:44:12","date_gmt":"2025-05-30T10:44:12","guid":{"rendered":"https:\/\/brinsenfolie.be\/?page_id=162"},"modified":"2025-07-06T20:17:16","modified_gmt":"2025-07-06T18:17:16","slug":"mes-creations","status":"publish","type":"page","link":"https:\/\/brinsenfolie.be\/index.php\/mes-creations\/","title":{"rendered":"R\u00e9alisations"},"content":{"rendered":"\t\t<div data-elementor-type=\"wp-page\" data-elementor-id=\"162\" class=\"elementor elementor-162\" data-elementor-post-type=\"page\">\n\t\t\t\t<div class=\"elementor-element elementor-element-80a848b e-flex e-con-boxed e-con e-parent\" data-id=\"80a848b\" data-element_type=\"container\">\n\t\t\t\t\t<div class=\"e-con-inner\">\n\t\t<div class=\"elementor-element elementor-element-4f4ff17 e-con-full e-flex e-con e-child\" data-id=\"4f4ff17\" data-element_type=\"container\">\n\t\t\t\t<div class=\"elementor-element elementor-element-3a698de elementor-widget elementor-widget-heading\" data-id=\"3a698de\" data-element_type=\"widget\" data-widget_type=\"heading.default\">\n\t\t\t\t<div class=\"elementor-widget-container\">\n\t\t\t\t\t<h2 class=\"elementor-heading-title elementor-size-default\">Vannerie<\/h2>\t\t\t\t<\/div>\n\t\t\t\t<\/div>\n\t\t\t\t<\/div>\n\t\t\t\t\t<\/div>\n\t\t\t\t<\/div>\n\t\t<div class=\"elementor-element elementor-element-7702756 e-flex e-con-boxed e-con e-parent\" data-id=\"7702756\" data-element_type=\"container\">\n\t\t\t\t\t<div class=\"e-con-inner\">\n\t\t\t\t\t<\/div>\n\t\t\t\t<\/div>\n\t\t<div class=\"elementor-element elementor-element-1f98190 e-flex e-con-boxed e-con e-parent\" data-id=\"1f98190\" data-element_type=\"container\">\n\t\t\t\t\t<div class=\"e-con-inner\">\n\t\t\t\t\t<\/div>\n\t\t\t\t<\/div>\n\t\t<div class=\"elementor-element elementor-element-a5e3387 e-flex e-con-boxed e-con e-parent\" data-id=\"a5e3387\" data-element_type=\"container\">\n\t\t\t\t\t<div class=\"e-con-inner\">\n\t\t\t\t<div class=\"elementor-element elementor-element-2c5f618 elementor-widget elementor-widget-gallery\" data-id=\"2c5f618\" data-element_type=\"widget\" data-settings=\"{&quot;gallery_layout&quot;:&quot;masonry&quot;,&quot;lazyload&quot;:&quot;yes&quot;,&quot;columns&quot;:4,&quot;columns_tablet&quot;:2,&quot;columns_mobile&quot;:1,&quot;gap&quot;:{&quot;unit&quot;:&quot;px&quot;,&quot;size&quot;:10,&quot;sizes&quot;:[]},&quot;gap_tablet&quot;:{&quot;unit&quot;:&quot;px&quot;,&quot;size&quot;:10,&quot;sizes&quot;:[]},&quot;gap_mobile&quot;:{&quot;unit&quot;:&quot;px&quot;,&quot;size&quot;:10,&quot;sizes&quot;:[]},&quot;link_to&quot;:&quot;file&quot;,&quot;overlay_background&quot;:&quot;yes&quot;,&quot;content_hover_animation&quot;:&quot;fade-in&quot;}\" data-widget_type=\"gallery.default\">\n\t\t\t\t<div class=\"elementor-widget-container\">\n\t\t\t\t\t\t\t<div class=\"elementor-gallery__container\">\n\t\t\t\t\t\t\t<a class=\"e-gallery-item elementor-gallery-item elementor-animated-content\" href=\"https:\/\/brinsenfolie.be\/wp-content\/uploads\/2025\/05\/15.jpg\" data-elementor-open-lightbox=\"yes\" data-elementor-lightbox-slideshow=\"2c5f618\" data-elementor-lightbox-title=\"15\" data-e-action-hash=\"#elementor-action%3Aaction%3Dlightbox%26settings%3DeyJpZCI6MTkwLCJ1cmwiOiJodHRwczpcL1wvYnJpbnNlbmZvbGllLmJlXC93cC1jb250ZW50XC91cGxvYWRzXC8yMDI1XC8wNVwvMTUuanBnIiwic2xpZGVzaG93IjoiMmM1ZjYxOCJ9\">\n\t\t\t\t\t<div class=\"e-gallery-image elementor-gallery-item__image\" data-thumbnail=\"https:\/\/brinsenfolie.be\/wp-content\/uploads\/2025\/05\/15.jpg\" data-width=\"664\" data-height=\"1000\" aria-label=\"\" role=\"img\" ><\/div>\n\t\t\t\t\t\t\t\t\t\t\t<div class=\"elementor-gallery-item__overlay\"><\/div>\n\t\t\t\t\t\t\t\t\t\t\t\t\t\t<\/a>\n\t\t\t\t\t\t\t<a class=\"e-gallery-item elementor-gallery-item elementor-animated-content\" href=\"https:\/\/brinsenfolie.be\/wp-content\/uploads\/2025\/05\/14.jpg\" data-elementor-open-lightbox=\"yes\" data-elementor-lightbox-slideshow=\"2c5f618\" data-elementor-lightbox-title=\"14\" data-e-action-hash=\"#elementor-action%3Aaction%3Dlightbox%26settings%3DeyJpZCI6MTg5LCJ1cmwiOiJodHRwczpcL1wvYnJpbnNlbmZvbGllLmJlXC93cC1jb250ZW50XC91cGxvYWRzXC8yMDI1XC8wNVwvMTQuanBnIiwic2xpZGVzaG93IjoiMmM1ZjYxOCJ9\">\n\t\t\t\t\t<div class=\"e-gallery-image elementor-gallery-item__image\" data-thumbnail=\"https:\/\/brinsenfolie.be\/wp-content\/uploads\/2025\/05\/14.jpg\" data-width=\"1000\" data-height=\"664\" aria-label=\"\" role=\"img\" ><\/div>\n\t\t\t\t\t\t\t\t\t\t\t<div class=\"elementor-gallery-item__overlay\"><\/div>\n\t\t\t\t\t\t\t\t\t\t\t\t\t\t<\/a>\n\t\t\t\t\t\t\t<a class=\"e-gallery-item elementor-gallery-item elementor-animated-content\" href=\"https:\/\/brinsenfolie.be\/wp-content\/uploads\/2025\/05\/11.jpg\" data-elementor-open-lightbox=\"yes\" data-elementor-lightbox-slideshow=\"2c5f618\" data-elementor-lightbox-title=\"11\" data-e-action-hash=\"#elementor-action%3Aaction%3Dlightbox%26settings%3DeyJpZCI6MTg2LCJ1cmwiOiJodHRwczpcL1wvYnJpbnNlbmZvbGllLmJlXC93cC1jb250ZW50XC91cGxvYWRzXC8yMDI1XC8wNVwvMTEuanBnIiwic2xpZGVzaG93IjoiMmM1ZjYxOCJ9\">\n\t\t\t\t\t<div class=\"e-gallery-image elementor-gallery-item__image\" data-thumbnail=\"https:\/\/brinsenfolie.be\/wp-content\/uploads\/2025\/05\/11.jpg\" data-width=\"664\" data-height=\"1000\" aria-label=\"\" role=\"img\" ><\/div>\n\t\t\t\t\t\t\t\t\t\t\t<div class=\"elementor-gallery-item__overlay\"><\/div>\n\t\t\t\t\t\t\t\t\t\t\t\t\t\t<\/a>\n\t\t\t\t\t\t\t<a class=\"e-gallery-item elementor-gallery-item elementor-animated-content\" href=\"https:\/\/brinsenfolie.be\/wp-content\/uploads\/2025\/05\/09.jpg\" data-elementor-open-lightbox=\"yes\" data-elementor-lightbox-slideshow=\"2c5f618\" data-elementor-lightbox-title=\"09\" data-e-action-hash=\"#elementor-action%3Aaction%3Dlightbox%26settings%3DeyJpZCI6MTg0LCJ1cmwiOiJodHRwczpcL1wvYnJpbnNlbmZvbGllLmJlXC93cC1jb250ZW50XC91cGxvYWRzXC8yMDI1XC8wNVwvMDkuanBnIiwic2xpZGVzaG93IjoiMmM1ZjYxOCJ9\">\n\t\t\t\t\t<div class=\"e-gallery-image elementor-gallery-item__image\" data-thumbnail=\"https:\/\/brinsenfolie.be\/wp-content\/uploads\/2025\/05\/09.jpg\" data-width=\"664\" data-height=\"1000\" aria-label=\"\" role=\"img\" ><\/div>\n\t\t\t\t\t\t\t\t\t\t\t<div class=\"elementor-gallery-item__overlay\"><\/div>\n\t\t\t\t\t\t\t\t\t\t\t\t\t\t<\/a>\n\t\t\t\t\t\t\t<a class=\"e-gallery-item elementor-gallery-item elementor-animated-content\" href=\"https:\/\/brinsenfolie.be\/wp-content\/uploads\/2025\/05\/10.jpg\" data-elementor-open-lightbox=\"yes\" data-elementor-lightbox-slideshow=\"2c5f618\" data-elementor-lightbox-title=\"10\" data-e-action-hash=\"#elementor-action%3Aaction%3Dlightbox%26settings%3DeyJpZCI6MTg1LCJ1cmwiOiJodHRwczpcL1wvYnJpbnNlbmZvbGllLmJlXC93cC1jb250ZW50XC91cGxvYWRzXC8yMDI1XC8wNVwvMTAuanBnIiwic2xpZGVzaG93IjoiMmM1ZjYxOCJ9\">\n\t\t\t\t\t<div class=\"e-gallery-image elementor-gallery-item__image\" data-thumbnail=\"https:\/\/brinsenfolie.be\/wp-content\/uploads\/2025\/05\/10.jpg\" data-width=\"1000\" data-height=\"664\" aria-label=\"\" role=\"img\" ><\/div>\n\t\t\t\t\t\t\t\t\t\t\t<div class=\"elementor-gallery-item__overlay\"><\/div>\n\t\t\t\t\t\t\t\t\t\t\t\t\t\t<\/a>\n\t\t\t\t\t\t\t<a class=\"e-gallery-item elementor-gallery-item elementor-animated-content\" href=\"https:\/\/brinsenfolie.be\/wp-content\/uploads\/2025\/05\/08.jpg\" data-elementor-open-lightbox=\"yes\" data-elementor-lightbox-slideshow=\"2c5f618\" data-elementor-lightbox-title=\"08\" data-e-action-hash=\"#elementor-action%3Aaction%3Dlightbox%26settings%3DeyJpZCI6MTgzLCJ1cmwiOiJodHRwczpcL1wvYnJpbnNlbmZvbGllLmJlXC93cC1jb250ZW50XC91cGxvYWRzXC8yMDI1XC8wNVwvMDguanBnIiwic2xpZGVzaG93IjoiMmM1ZjYxOCJ9\">\n\t\t\t\t\t<div class=\"e-gallery-image elementor-gallery-item__image\" data-thumbnail=\"https:\/\/brinsenfolie.be\/wp-content\/uploads\/2025\/05\/08.jpg\" data-width=\"1000\" data-height=\"664\" aria-label=\"\" role=\"img\" ><\/div>\n\t\t\t\t\t\t\t\t\t\t\t<div class=\"elementor-gallery-item__overlay\"><\/div>\n\t\t\t\t\t\t\t\t\t\t\t\t\t\t<\/a>\n\t\t\t\t\t\t\t<a class=\"e-gallery-item elementor-gallery-item elementor-animated-content\" href=\"https:\/\/brinsenfolie.be\/wp-content\/uploads\/2025\/05\/07.jpg\" data-elementor-open-lightbox=\"yes\" data-elementor-lightbox-slideshow=\"2c5f618\" data-elementor-lightbox-title=\"07\" data-e-action-hash=\"#elementor-action%3Aaction%3Dlightbox%26settings%3DeyJpZCI6MTgyLCJ1cmwiOiJodHRwczpcL1wvYnJpbnNlbmZvbGllLmJlXC93cC1jb250ZW50XC91cGxvYWRzXC8yMDI1XC8wNVwvMDcuanBnIiwic2xpZGVzaG93IjoiMmM1ZjYxOCJ9\">\n\t\t\t\t\t<div class=\"e-gallery-image elementor-gallery-item__image\" data-thumbnail=\"https:\/\/brinsenfolie.be\/wp-content\/uploads\/2025\/05\/07.jpg\" data-width=\"664\" data-height=\"1000\" aria-label=\"\" role=\"img\" ><\/div>\n\t\t\t\t\t\t\t\t\t\t\t<div class=\"elementor-gallery-item__overlay\"><\/div>\n\t\t\t\t\t\t\t\t\t\t\t\t\t\t<\/a>\n\t\t\t\t\t\t\t<a class=\"e-gallery-item elementor-gallery-item elementor-animated-content\" href=\"https:\/\/brinsenfolie.be\/wp-content\/uploads\/2025\/05\/06.jpg\" data-elementor-open-lightbox=\"yes\" data-elementor-lightbox-slideshow=\"2c5f618\" data-elementor-lightbox-title=\"06\" data-e-action-hash=\"#elementor-action%3Aaction%3Dlightbox%26settings%3DeyJpZCI6MTgxLCJ1cmwiOiJodHRwczpcL1wvYnJpbnNlbmZvbGllLmJlXC93cC1jb250ZW50XC91cGxvYWRzXC8yMDI1XC8wNVwvMDYuanBnIiwic2xpZGVzaG93IjoiMmM1ZjYxOCJ9\">\n\t\t\t\t\t<div class=\"e-gallery-image elementor-gallery-item__image\" data-thumbnail=\"https:\/\/brinsenfolie.be\/wp-content\/uploads\/2025\/05\/06.jpg\" data-width=\"1000\" data-height=\"664\" aria-label=\"\" role=\"img\" ><\/div>\n\t\t\t\t\t\t\t\t\t\t\t<div class=\"elementor-gallery-item__overlay\"><\/div>\n\t\t\t\t\t\t\t\t\t\t\t\t\t\t<\/a>\n\t\t\t\t\t\t\t<a class=\"e-gallery-item elementor-gallery-item elementor-animated-content\" href=\"https:\/\/brinsenfolie.be\/wp-content\/uploads\/2025\/05\/04.jpg\" data-elementor-open-lightbox=\"yes\" data-elementor-lightbox-slideshow=\"2c5f618\" data-elementor-lightbox-title=\"04\" data-e-action-hash=\"#elementor-action%3Aaction%3Dlightbox%26settings%3DeyJpZCI6MTc5LCJ1cmwiOiJodHRwczpcL1wvYnJpbnNlbmZvbGllLmJlXC93cC1jb250ZW50XC91cGxvYWRzXC8yMDI1XC8wNVwvMDQuanBnIiwic2xpZGVzaG93IjoiMmM1ZjYxOCJ9\">\n\t\t\t\t\t<div class=\"e-gallery-image elementor-gallery-item__image\" data-thumbnail=\"https:\/\/brinsenfolie.be\/wp-content\/uploads\/2025\/05\/04.jpg\" data-width=\"1000\" data-height=\"664\" aria-label=\"\" role=\"img\" ><\/div>\n\t\t\t\t\t\t\t\t\t\t\t<div class=\"elementor-gallery-item__overlay\"><\/div>\n\t\t\t\t\t\t\t\t\t\t\t\t\t\t<\/a>\n\t\t\t\t\t\t\t<a class=\"e-gallery-item elementor-gallery-item elementor-animated-content\" href=\"https:\/\/brinsenfolie.be\/wp-content\/uploads\/2025\/05\/05.jpg\" data-elementor-open-lightbox=\"yes\" data-elementor-lightbox-slideshow=\"2c5f618\" data-elementor-lightbox-title=\"05\" data-e-action-hash=\"#elementor-action%3Aaction%3Dlightbox%26settings%3DeyJpZCI6MTgwLCJ1cmwiOiJodHRwczpcL1wvYnJpbnNlbmZvbGllLmJlXC93cC1jb250ZW50XC91cGxvYWRzXC8yMDI1XC8wNVwvMDUuanBnIiwic2xpZGVzaG93IjoiMmM1ZjYxOCJ9\">\n\t\t\t\t\t<div class=\"e-gallery-image elementor-gallery-item__image\" data-thumbnail=\"https:\/\/brinsenfolie.be\/wp-content\/uploads\/2025\/05\/05.jpg\" data-width=\"1000\" data-height=\"664\" aria-label=\"\" role=\"img\" ><\/div>\n\t\t\t\t\t\t\t\t\t\t\t<div class=\"elementor-gallery-item__overlay\"><\/div>\n\t\t\t\t\t\t\t\t\t\t\t\t\t\t<\/a>\n\t\t\t\t\t\t\t<a class=\"e-gallery-item elementor-gallery-item elementor-animated-content\" href=\"https:\/\/brinsenfolie.be\/wp-content\/uploads\/2025\/05\/02.jpg\" data-elementor-open-lightbox=\"yes\" data-elementor-lightbox-slideshow=\"2c5f618\" data-elementor-lightbox-title=\"02\" data-e-action-hash=\"#elementor-action%3Aaction%3Dlightbox%26settings%3DeyJpZCI6MTc3LCJ1cmwiOiJodHRwczpcL1wvYnJpbnNlbmZvbGllLmJlXC93cC1jb250ZW50XC91cGxvYWRzXC8yMDI1XC8wNVwvMDIuanBnIiwic2xpZGVzaG93IjoiMmM1ZjYxOCJ9\">\n\t\t\t\t\t<div class=\"e-gallery-image elementor-gallery-item__image\" data-thumbnail=\"https:\/\/brinsenfolie.be\/wp-content\/uploads\/2025\/05\/02.jpg\" data-width=\"664\" data-height=\"1000\" aria-label=\"\" role=\"img\" ><\/div>\n\t\t\t\t\t\t\t\t\t\t\t<div class=\"elementor-gallery-item__overlay\"><\/div>\n\t\t\t\t\t\t\t\t\t\t\t\t\t\t<\/a>\n\t\t\t\t\t\t\t<a class=\"e-gallery-item elementor-gallery-item elementor-animated-content\" href=\"https:\/\/brinsenfolie.be\/wp-content\/uploads\/2025\/05\/03.jpg\" data-elementor-open-lightbox=\"yes\" data-elementor-lightbox-slideshow=\"2c5f618\" data-elementor-lightbox-title=\"03\" data-e-action-hash=\"#elementor-action%3Aaction%3Dlightbox%26settings%3DeyJpZCI6MTc4LCJ1cmwiOiJodHRwczpcL1wvYnJpbnNlbmZvbGllLmJlXC93cC1jb250ZW50XC91cGxvYWRzXC8yMDI1XC8wNVwvMDMuanBnIiwic2xpZGVzaG93IjoiMmM1ZjYxOCJ9\">\n\t\t\t\t\t<div class=\"e-gallery-image elementor-gallery-item__image\" data-thumbnail=\"https:\/\/brinsenfolie.be\/wp-content\/uploads\/2025\/05\/03.jpg\" data-width=\"1000\" data-height=\"664\" aria-label=\"\" role=\"img\" ><\/div>\n\t\t\t\t\t\t\t\t\t\t\t<div class=\"elementor-gallery-item__overlay\"><\/div>\n\t\t\t\t\t\t\t\t\t\t\t\t\t\t<\/a>\n\t\t\t\t\t\t\t<a class=\"e-gallery-item elementor-gallery-item elementor-animated-content\" href=\"https:\/\/brinsenfolie.be\/wp-content\/uploads\/2025\/05\/18.jpg\" data-elementor-open-lightbox=\"yes\" data-elementor-lightbox-slideshow=\"2c5f618\" data-elementor-lightbox-title=\"18\" data-e-action-hash=\"#elementor-action%3Aaction%3Dlightbox%26settings%3DeyJpZCI6MTc1LCJ1cmwiOiJodHRwczpcL1wvYnJpbnNlbmZvbGllLmJlXC93cC1jb250ZW50XC91cGxvYWRzXC8yMDI1XC8wNVwvMTguanBnIiwic2xpZGVzaG93IjoiMmM1ZjYxOCJ9\">\n\t\t\t\t\t<div class=\"e-gallery-image elementor-gallery-item__image\" data-thumbnail=\"https:\/\/brinsenfolie.be\/wp-content\/uploads\/2025\/05\/18.jpg\" data-width=\"664\" data-height=\"1000\" aria-label=\"\" role=\"img\" ><\/div>\n\t\t\t\t\t\t\t\t\t\t\t<div class=\"elementor-gallery-item__overlay\"><\/div>\n\t\t\t\t\t\t\t\t\t\t\t\t\t\t<\/a>\n\t\t\t\t\t\t\t<a class=\"e-gallery-item elementor-gallery-item elementor-animated-content\" href=\"https:\/\/brinsenfolie.be\/wp-content\/uploads\/2025\/05\/01.jpg\" data-elementor-open-lightbox=\"yes\" data-elementor-lightbox-slideshow=\"2c5f618\" data-elementor-lightbox-title=\"01\" data-e-action-hash=\"#elementor-action%3Aaction%3Dlightbox%26settings%3DeyJpZCI6MTc2LCJ1cmwiOiJodHRwczpcL1wvYnJpbnNlbmZvbGllLmJlXC93cC1jb250ZW50XC91cGxvYWRzXC8yMDI1XC8wNVwvMDEuanBnIiwic2xpZGVzaG93IjoiMmM1ZjYxOCJ9\">\n\t\t\t\t\t<div class=\"e-gallery-image elementor-gallery-item__image\" data-thumbnail=\"https:\/\/brinsenfolie.be\/wp-content\/uploads\/2025\/05\/01.jpg\" data-width=\"750\" data-height=\"1000\" aria-label=\"\" role=\"img\" ><\/div>\n\t\t\t\t\t\t\t\t\t\t\t<div class=\"elementor-gallery-item__overlay\"><\/div>\n\t\t\t\t\t\t\t\t\t\t\t\t\t\t<\/a>\n\t\t\t\t\t\t\t<a class=\"e-gallery-item elementor-gallery-item elementor-animated-content\" href=\"https:\/\/brinsenfolie.be\/wp-content\/uploads\/2025\/05\/16.jpg\" data-elementor-open-lightbox=\"yes\" data-elementor-lightbox-slideshow=\"2c5f618\" data-elementor-lightbox-title=\"16\" data-e-action-hash=\"#elementor-action%3Aaction%3Dlightbox%26settings%3DeyJpZCI6MTczLCJ1cmwiOiJodHRwczpcL1wvYnJpbnNlbmZvbGllLmJlXC93cC1jb250ZW50XC91cGxvYWRzXC8yMDI1XC8wNVwvMTYuanBnIiwic2xpZGVzaG93IjoiMmM1ZjYxOCJ9\">\n\t\t\t\t\t<div class=\"e-gallery-image elementor-gallery-item__image\" data-thumbnail=\"https:\/\/brinsenfolie.be\/wp-content\/uploads\/2025\/05\/16.jpg\" data-width=\"1000\" data-height=\"664\" aria-label=\"\" role=\"img\" ><\/div>\n\t\t\t\t\t\t\t\t\t\t\t<div class=\"elementor-gallery-item__overlay\"><\/div>\n\t\t\t\t\t\t\t\t\t\t\t\t\t\t<\/a>\n\t\t\t\t\t\t\t<a class=\"e-gallery-item elementor-gallery-item elementor-animated-content\" href=\"https:\/\/brinsenfolie.be\/wp-content\/uploads\/2025\/05\/17.jpg\" data-elementor-open-lightbox=\"yes\" data-elementor-lightbox-slideshow=\"2c5f618\" data-elementor-lightbox-title=\"17\" data-e-action-hash=\"#elementor-action%3Aaction%3Dlightbox%26settings%3DeyJpZCI6MTc0LCJ1cmwiOiJodHRwczpcL1wvYnJpbnNlbmZvbGllLmJlXC93cC1jb250ZW50XC91cGxvYWRzXC8yMDI1XC8wNVwvMTcuanBnIiwic2xpZGVzaG93IjoiMmM1ZjYxOCJ9\">\n\t\t\t\t\t<div class=\"e-gallery-image elementor-gallery-item__image\" data-thumbnail=\"https:\/\/brinsenfolie.be\/wp-content\/uploads\/2025\/05\/17.jpg\" data-width=\"664\" data-height=\"1000\" aria-label=\"\" role=\"img\" ><\/div>\n\t\t\t\t\t\t\t\t\t\t\t<div class=\"elementor-gallery-item__overlay\"><\/div>\n\t\t\t\t\t\t\t\t\t\t\t\t\t\t<\/a>\n\t\t\t\t\t<\/div>\n\t\t\t\t\t<\/div>\n\t\t\t\t<\/div>\n\t\t<div class=\"elementor-element elementor-element-93d92b1 e-con-full e-flex e-con e-child\" data-id=\"93d92b1\" data-element_type=\"container\">\n\t\t\t\t<div class=\"elementor-element elementor-element-46fea54 elementor-widget elementor-widget-heading\" data-id=\"46fea54\" data-element_type=\"widget\" data-widget_type=\"heading.default\">\n\t\t\t\t<div class=\"elementor-widget-container\">\n\t\t\t\t\t<h2 class=\"elementor-heading-title elementor-size-default\">Architecture v\u00e9g\u00e9tale<\/h2>\t\t\t\t<\/div>\n\t\t\t\t<\/div>\n\t\t\t\t<\/div>\n\t\t<div class=\"elementor-element elementor-element-231b2dc e-con-full e-flex e-con e-child\" data-id=\"231b2dc\" data-element_type=\"container\">\n\t\t\t\t<div class=\"elementor-element elementor-element-0ea3286 elementor-widget elementor-widget-heading\" data-id=\"0ea3286\" data-element_type=\"widget\" data-widget_type=\"heading.default\">\n\t\t\t\t<div class=\"elementor-widget-container\">\n\t\t\t\t\t<h2 class=\"elementor-heading-title elementor-size-default\">R\u00e9parations<\/h2>\t\t\t\t<\/div>\n\t\t\t\t<\/div>\n\t\t\t\t<\/div>\n\t\t\t\t\t<\/div>\n\t\t\t\t<\/div>\n\t\t\t\t<\/div>\n\t\t","protected":false},"excerpt":{"rendered":"<p>Vannerie Architecture v\u00e9g\u00e9tale R\u00e9parations<\/p>\n","protected":false},"author":2,"featured_media":0,"parent":0,"menu_order":2,"comment_status":"closed","ping_status":"closed","template":"elementor_header_footer","meta":{"footnotes":""},"class_list":["post-162","page","type-page","status-publish","hentry"],"_links":{"self":[{"href":"https:\/\/brinsenfolie.be\/index.php\/wp-json\/wp\/v2\/pages\/162","targetHints":{"allow":["GET"]}}],"collection":[{"href":"https:\/\/brinsenfolie.be\/index.php\/wp-json\/wp\/v2\/pages"}],"about":[{"href":"https:\/\/brinsenfolie.be\/index.php\/wp-json\/wp\/v2\/types\/page"}],"author":[{"embeddable":true,"href":"https:\/\/brinsenfolie.be\/index.php\/wp-json\/wp\/v2\/users\/2"}],"replies":[{"embeddable":true,"href":"https:\/\/brinsenfolie.be\/index.php\/wp-json\/wp\/v2\/comments?post=162"}],"version-history":[{"count":17,"href":"https:\/\/brinsenfolie.be\/index.php\/wp-json\/wp\/v2\/pages\/162\/revisions"}],"predecessor-version":[{"id":305,"href":"https:\/\/brinsenfolie.be\/index.php\/wp-json\/wp\/v2\/pages\/162\/revisions\/305"}],"wp:attachment":[{"href":"https:\/\/brinsenfolie.be\/index.php\/wp-json\/wp\/v2\/media?parent=162"}],"curies":[{"name":"wp","href":"https:\/\/api.w.org\/{rel}","templated":true}]}}